{"id":2,"date":"2025-08-28T09:31:40","date_gmt":"2025-08-28T07:31:40","guid":{"rendered":"https:\/\/lespouilles-estherdavid.com\/?page_id=2"},"modified":"2026-01-12T23:30:02","modified_gmt":"2026-01-12T21:30:02","slug":"sample-page","status":"publish","type":"page","link":"https:\/\/lespouilles-estherdavid.com\/","title":{"rendered":"Home Page"},"content":{"rendered":"\t\t<div data-elementor-type=\"wp-page\" data-elementor-id=\"2\" class=\"elementor elementor-2\" data-elementor-post-type=\"page\">\n\t\t\t\t<div class=\"elementor-element elementor-element-433fea5 e-flex e-con-boxed e-con e-parent\" data-id=\"433fea5\" data-element_type=\"container\" data-e-type=\"container\">\n\t\t\t\t\t<div class=\"e-con-inner\">\n\t\t\t\t<div class=\"elementor-element elementor-element-e8a05b0 elementor-widget__width-inherit elementor-widget elementor-widget-image\" data-id=\"e8a05b0\" data-element_type=\"widget\" data-e-type=\"widget\" data-widget_type=\"image.default\">\n\t\t\t\t\t\t\t\t\t\t\t\t\t\t\t<img fetchpriority=\"high\" decoding=\"async\" width=\"800\" height=\"510\" src=\"https:\/\/lespouilles-estherdavid.com\/wp-content\/uploads\/2025\/11\/Design-sans-titre-5-1024x653.png\" class=\"attachment-large size-large wp-image-750\" alt=\"\" srcset=\"https:\/\/lespouilles-estherdavid.com\/wp-content\/uploads\/2025\/11\/Design-sans-titre-5-1024x653.png 1024w, https:\/\/lespouilles-estherdavid.com\/wp-content\/uploads\/2025\/11\/Design-sans-titre-5-300x191.png 300w, https:\/\/lespouilles-estherdavid.com\/wp-content\/uploads\/2025\/11\/Design-sans-titre-5-768x489.png 768w, https:\/\/lespouilles-estherdavid.com\/wp-content\/uploads\/2025\/11\/Design-sans-titre-5.png 1500w\" sizes=\"(max-width: 800px) 100vw, 800px\" \/>\t\t\t\t\t\t\t\t\t\t\t\t\t\t\t<\/div>\n\t\t\t\t<div class=\"elementor-element elementor-element-07b407c elementor-widget elementor-widget-heading\" data-id=\"07b407c\" data-element_type=\"widget\" data-e-type=\"widget\" data-widget_type=\"heading.default\">\n\t\t\t\t\t<h2 class=\"elementor-heading-title elementor-size-default\">Esther &amp; David<\/h2>\t\t\t\t<\/div>\n\t\t\t\t<div class=\"elementor-element elementor-element-a2fc70d elementor-widget elementor-widget-text-editor\" data-id=\"a2fc70d\" data-element_type=\"widget\" data-e-type=\"widget\" data-widget_type=\"text-editor.default\">\n\t\t\t\t\t\t\t\t\t<p data-start=\"109\" data-end=\"135\">Ch\u00e8re famille, chers amis,<\/p><p data-start=\"137\" data-end=\"439\">C\u2019est avec une immense joie que nous vous invitons \u00e0 c\u00e9l\u00e9brer notre mariage du <strong data-start=\"216\" data-end=\"233\">14 au 16 juin<\/strong>, au c\u0153ur des <strong data-start=\"259\" data-end=\"271\">Pouilles<\/strong>, en Italie.<br data-start=\"283\" data-end=\"286\" \/>Vous trouverez ci-dessous le programme d\u00e9taill\u00e9 ainsi que toutes les informations pratiques pour partager avec nous ces moments pr\u00e9cieux et inoubliables.<\/p>\t\t\t\t\t\t\t\t<\/div>\n\t\t\t\t\t<\/div>\n\t\t\t\t<\/div>\n\t\t<div class=\"elementor-element elementor-element-86327ca e-flex e-con-boxed e-con e-parent\" data-id=\"86327ca\" data-element_type=\"container\" data-e-type=\"container\">\n\t\t\t\t\t<div class=\"e-con-inner\">\n\t\t<div class=\"elementor-element elementor-element-fd8d191 e-con-full e-flex e-con e-child\" data-id=\"fd8d191\" data-element_type=\"container\" data-e-type=\"container\">\n\t\t\t\t<div class=\"elementor-element elementor-element-a341c4a elementor-widget elementor-widget-menu-anchor\" data-id=\"a341c4a\" data-element_type=\"widget\" data-e-type=\"widget\" data-widget_type=\"menu-anchor.default\">\n\t\t\t\t\t\t\t<div class=\"elementor-menu-anchor\" id=\"mairie\"><\/div>\n\t\t\t\t\t\t<\/div>\n\t\t\t\t<div class=\"elementor-element elementor-element-36d5943 elementor-widget elementor-widget-image\" data-id=\"36d5943\" data-element_type=\"widget\" data-e-type=\"widget\" data-widget_type=\"image.default\">\n\t\t\t\t\t\t\t\t\t\t\t\t\t\t\t<img decoding=\"async\" width=\"500\" height=\"500\" src=\"https:\/\/lespouilles-estherdavid.com\/wp-content\/uploads\/2025\/11\/logo-lespouilles__1_-removebg-preview.png\" class=\"attachment-large size-large wp-image-752\" alt=\"\" srcset=\"https:\/\/lespouilles-estherdavid.com\/wp-content\/uploads\/2025\/11\/logo-lespouilles__1_-removebg-preview.png 500w, https:\/\/lespouilles-estherdavid.com\/wp-content\/uploads\/2025\/11\/logo-lespouilles__1_-removebg-preview-300x300.png 300w, https:\/\/lespouilles-estherdavid.com\/wp-content\/uploads\/2025\/11\/logo-lespouilles__1_-removebg-preview-150x150.png 150w\" sizes=\"(max-width: 500px) 100vw, 500px\" \/>\t\t\t\t\t\t\t\t\t\t\t\t\t\t\t<\/div>\n\t\t\t\t<div class=\"elementor-element elementor-element-7d18af1 animated-slow elementor-widget elementor-widget-heading\" data-id=\"7d18af1\" data-element_type=\"widget\" data-e-type=\"widget\" data-settings=\"{&quot;_animation_mobile&quot;:&quot;none&quot;,&quot;_animation&quot;:&quot;none&quot;}\" data-widget_type=\"heading.default\">\n\t\t\t\t\t<h2 class=\"elementor-heading-title elementor-size-default\">Mairie<\/h2>\t\t\t\t<\/div>\n\t\t\t\t<div class=\"elementor-element elementor-element-9ff284f animated-slow elementor-invisible elementor-widget elementor-widget-heading\" data-id=\"9ff284f\" data-element_type=\"widget\" data-e-type=\"widget\" data-settings=\"{&quot;_animation_mobile&quot;:&quot;fadeIn&quot;,&quot;_animation&quot;:&quot;fadeIn&quot;,&quot;_animation_delay&quot;:100}\" data-widget_type=\"heading.default\">\n\t\t\t\t\t<h2 class=\"elementor-heading-title elementor-size-default\">Jeudi 4 juin 2026<\/h2>\t\t\t\t<\/div>\n\t\t\t\t<div class=\"elementor-element elementor-element-aa830da animated-slow elementor-invisible elementor-widget elementor-widget-heading\" data-id=\"aa830da\" data-element_type=\"widget\" data-e-type=\"widget\" data-settings=\"{&quot;_animation&quot;:&quot;fadeIn&quot;,&quot;_animation_mobile&quot;:&quot;fadeIn&quot;,&quot;_animation_delay&quot;:100}\" data-widget_type=\"heading.default\">\n\t\t\t\t\t<h2 class=\"elementor-heading-title elementor-size-default\">15h00 pr\u00e9cises<\/h2>\t\t\t\t<\/div>\n\t\t\t\t<div class=\"elementor-element elementor-element-05e9e74 elementor-widget elementor-widget-text-editor\" data-id=\"05e9e74\" data-element_type=\"widget\" data-e-type=\"widget\" data-widget_type=\"text-editor.default\">\n\t\t\t\t\t\t\t\t\t<p><a href=\"https:\/\/maps.app.goo.gl\/CeuNgmJACJhq6Fh2A\">Mairie de Saint-mand\u00e9<\/a><\/p><p>10 Place Charles Digeon 94160 Saint Mand\u00e9<\/p>\t\t\t\t\t\t\t\t<\/div>\n\t\t\t\t<\/div>\n\t\t<div class=\"elementor-element elementor-element-d5a50c9 e-con-full e-flex e-con e-child\" data-id=\"d5a50c9\" data-element_type=\"container\" data-e-type=\"container\">\n\t\t\t\t<div class=\"elementor-element elementor-element-6349c9a elementor-widget elementor-widget-image\" data-id=\"6349c9a\" data-element_type=\"widget\" data-e-type=\"widget\" data-widget_type=\"image.default\">\n\t\t\t\t\t\t\t\t\t\t\t\t\t\t\t<img decoding=\"async\" width=\"500\" height=\"500\" src=\"https:\/\/lespouilles-estherdavid.com\/wp-content\/uploads\/2025\/11\/logo-lespouilles__1_-removebg-preview.png\" class=\"attachment-large size-large wp-image-752\" alt=\"\" srcset=\"https:\/\/lespouilles-estherdavid.com\/wp-content\/uploads\/2025\/11\/logo-lespouilles__1_-removebg-preview.png 500w, https:\/\/lespouilles-estherdavid.com\/wp-content\/uploads\/2025\/11\/logo-lespouilles__1_-removebg-preview-300x300.png 300w, https:\/\/lespouilles-estherdavid.com\/wp-content\/uploads\/2025\/11\/logo-lespouilles__1_-removebg-preview-150x150.png 150w\" sizes=\"(max-width: 500px) 100vw, 500px\" \/>\t\t\t\t\t\t\t\t\t\t\t\t\t\t\t<\/div>\n\t\t\t\t<div class=\"elementor-element elementor-element-38bad19 animated-slow elementor-widget elementor-widget-heading\" data-id=\"38bad19\" data-element_type=\"widget\" data-e-type=\"widget\" data-settings=\"{&quot;_animation_mobile&quot;:&quot;none&quot;,&quot;_animation&quot;:&quot;none&quot;}\" data-widget_type=\"heading.default\">\n\t\t\t\t\t<h2 class=\"elementor-heading-title elementor-size-default\">After-mairie<\/h2>\t\t\t\t<\/div>\n\t\t\t\t<div class=\"elementor-element elementor-element-46b99f4 animated-slow elementor-invisible elementor-widget elementor-widget-heading\" data-id=\"46b99f4\" data-element_type=\"widget\" data-e-type=\"widget\" data-settings=\"{&quot;_animation_mobile&quot;:&quot;fadeIn&quot;,&quot;_animation&quot;:&quot;fadeIn&quot;,&quot;_animation_delay&quot;:100}\" data-widget_type=\"heading.default\">\n\t\t\t\t\t<h2 class=\"elementor-heading-title elementor-size-default\">Jeudi 4 juin 2026<\/h2>\t\t\t\t<\/div>\n\t\t\t\t<div class=\"elementor-element elementor-element-4575f71 animated-slow elementor-invisible elementor-widget elementor-widget-heading\" data-id=\"4575f71\" data-element_type=\"widget\" data-e-type=\"widget\" data-settings=\"{&quot;_animation&quot;:&quot;fadeIn&quot;,&quot;_animation_mobile&quot;:&quot;fadeIn&quot;,&quot;_animation_delay&quot;:100}\" data-widget_type=\"heading.default\">\n\t\t\t\t\t<h2 class=\"elementor-heading-title elementor-size-default\">Apr\u00e8s la c\u00e9r\u00e9monie<\/h2>\t\t\t\t<\/div>\n\t\t\t\t<div class=\"elementor-element elementor-element-a2f27c0 elementor-widget elementor-widget-text-editor\" data-id=\"a2f27c0\" data-element_type=\"widget\" data-e-type=\"widget\" data-widget_type=\"text-editor.default\">\n\t\t\t\t\t\t\t\t\t<p>L&rsquo;adresse vous sera communiqu\u00e9e rapidement.<\/p>\t\t\t\t\t\t\t\t<\/div>\n\t\t\t\t<\/div>\n\t\t\t\t\t<\/div>\n\t\t\t\t<\/div>\n\t\t<div class=\"elementor-element elementor-element-f88e498 e-con-full e-flex e-con e-parent\" data-id=\"f88e498\" data-element_type=\"container\" data-e-type=\"container\" data-settings=\"{&quot;background_background&quot;:&quot;classic&quot;}\">\n\t\t\t\t<div class=\"elementor-element elementor-element-ad1498d elementor-widget elementor-widget-menu-anchor\" data-id=\"ad1498d\" data-element_type=\"widget\" data-e-type=\"widget\" data-widget_type=\"menu-anchor.default\">\n\t\t\t\t\t\t\t<div class=\"elementor-menu-anchor\" id=\"welcome\"><\/div>\n\t\t\t\t\t\t<\/div>\n\t\t\t\t<div class=\"elementor-element elementor-element-acbf53f elementor-widget elementor-widget-image\" data-id=\"acbf53f\" data-element_type=\"widget\" data-e-type=\"widget\" data-widget_type=\"image.default\">\n\t\t\t\t\t\t\t\t\t\t\t\t\t\t\t<img decoding=\"async\" width=\"500\" height=\"500\" src=\"https:\/\/lespouilles-estherdavid.com\/wp-content\/uploads\/2025\/11\/logo-lespouilles-2.png\" class=\"attachment-large size-large wp-image-873\" alt=\"\" srcset=\"https:\/\/lespouilles-estherdavid.com\/wp-content\/uploads\/2025\/11\/logo-lespouilles-2.png 500w, https:\/\/lespouilles-estherdavid.com\/wp-content\/uploads\/2025\/11\/logo-lespouilles-2-300x300.png 300w, https:\/\/lespouilles-estherdavid.com\/wp-content\/uploads\/2025\/11\/logo-lespouilles-2-150x150.png 150w\" sizes=\"(max-width: 500px) 100vw, 500px\" \/>\t\t\t\t\t\t\t\t\t\t\t\t\t\t\t<\/div>\n\t\t\t\t<div class=\"elementor-element elementor-element-53e464a animated-slow elementor-widget elementor-widget-heading\" data-id=\"53e464a\" data-element_type=\"widget\" data-e-type=\"widget\" data-settings=\"{&quot;_animation&quot;:&quot;none&quot;,&quot;_animation_mobile&quot;:&quot;none&quot;}\" data-widget_type=\"heading.default\">\n\t\t\t\t\t<h2 class=\"elementor-heading-title elementor-size-default\">Sunset welcome Party<\/h2>\t\t\t\t<\/div>\n\t\t\t\t<div class=\"elementor-element elementor-element-ae6c38a animated-slow elementor-invisible elementor-widget elementor-widget-heading\" data-id=\"ae6c38a\" data-element_type=\"widget\" data-e-type=\"widget\" data-settings=\"{&quot;_animation_mobile&quot;:&quot;fadeIn&quot;,&quot;_animation&quot;:&quot;fadeIn&quot;,&quot;_animation_delay&quot;:100}\" data-widget_type=\"heading.default\">\n\t\t\t\t\t<h2 class=\"elementor-heading-title elementor-size-default\">Dimanche 14 juin 2026<\/h2>\t\t\t\t<\/div>\n\t\t\t\t<div class=\"elementor-element elementor-element-b350809 animated-slow elementor-invisible elementor-widget elementor-widget-heading\" data-id=\"b350809\" data-element_type=\"widget\" data-e-type=\"widget\" data-settings=\"{&quot;_animation&quot;:&quot;fadeIn&quot;,&quot;_animation_mobile&quot;:&quot;fadeIn&quot;,&quot;_animation_delay&quot;:100}\" data-widget_type=\"heading.default\">\n\t\t\t\t\t<h2 class=\"elementor-heading-title elementor-size-default\">\u00e0 partir de 19h00 <\/h2>\t\t\t\t<\/div>\n\t\t\t\t<div class=\"elementor-element elementor-element-e4c117f elementor-widget elementor-widget-text-editor\" data-id=\"e4c117f\" data-element_type=\"widget\" data-e-type=\"widget\" data-widget_type=\"text-editor.default\">\n\t\t\t\t\t\t\t\t\t<p>Grand h\u00f4tel Masseria Santa lucia<\/p>\t\t\t\t\t\t\t\t<\/div>\n\t\t\t\t<div class=\"elementor-element elementor-element-16cd3a8 elementor-widget elementor-widget-menu-anchor\" data-id=\"16cd3a8\" data-element_type=\"widget\" data-e-type=\"widget\" data-widget_type=\"menu-anchor.default\">\n\t\t\t\t\t\t\t<div class=\"elementor-menu-anchor\" id=\"pool\"><\/div>\n\t\t\t\t\t\t<\/div>\n\t\t\t\t<div class=\"elementor-element elementor-element-c65a3a4 elementor-widget elementor-widget-image\" data-id=\"c65a3a4\" data-element_type=\"widget\" data-e-type=\"widget\" data-widget_type=\"image.default\">\n\t\t\t\t\t\t\t\t\t\t\t\t\t\t\t<img decoding=\"async\" width=\"500\" height=\"500\" src=\"https:\/\/lespouilles-estherdavid.com\/wp-content\/uploads\/2025\/11\/logo-lespouilles-2.png\" class=\"attachment-large size-large wp-image-873\" alt=\"\" srcset=\"https:\/\/lespouilles-estherdavid.com\/wp-content\/uploads\/2025\/11\/logo-lespouilles-2.png 500w, https:\/\/lespouilles-estherdavid.com\/wp-content\/uploads\/2025\/11\/logo-lespouilles-2-300x300.png 300w, https:\/\/lespouilles-estherdavid.com\/wp-content\/uploads\/2025\/11\/logo-lespouilles-2-150x150.png 150w\" sizes=\"(max-width: 500px) 100vw, 500px\" \/>\t\t\t\t\t\t\t\t\t\t\t\t\t\t\t<\/div>\n\t\t\t\t<div class=\"elementor-element elementor-element-e8c054e animated-slow elementor-widget elementor-widget-heading\" data-id=\"e8c054e\" data-element_type=\"widget\" data-e-type=\"widget\" data-settings=\"{&quot;_animation_mobile&quot;:&quot;none&quot;,&quot;_animation&quot;:&quot;none&quot;}\" data-widget_type=\"heading.default\">\n\t\t\t\t\t<h2 class=\"elementor-heading-title elementor-size-default\">Pool party <\/h2>\t\t\t\t<\/div>\n\t\t\t\t<div class=\"elementor-element elementor-element-83f4bdc animated-slow elementor-invisible elementor-widget elementor-widget-heading\" data-id=\"83f4bdc\" data-element_type=\"widget\" data-e-type=\"widget\" data-settings=\"{&quot;_animation_mobile&quot;:&quot;fadeIn&quot;,&quot;_animation&quot;:&quot;fadeIn&quot;,&quot;_animation_delay&quot;:100}\" data-widget_type=\"heading.default\">\n\t\t\t\t\t<h2 class=\"elementor-heading-title elementor-size-default\">Lundi 15 juin 2026<\/h2>\t\t\t\t<\/div>\n\t\t\t\t<div class=\"elementor-element elementor-element-cff2d74 animated-slow elementor-invisible elementor-widget elementor-widget-heading\" data-id=\"cff2d74\" data-element_type=\"widget\" data-e-type=\"widget\" data-settings=\"{&quot;_animation&quot;:&quot;fadeIn&quot;,&quot;_animation_mobile&quot;:&quot;fadeIn&quot;,&quot;_animation_delay&quot;:100}\" data-widget_type=\"heading.default\">\n\t\t\t\t\t<h2 class=\"elementor-heading-title elementor-size-default\">\u00e0 partir de 12h30 <\/h2>\t\t\t\t<\/div>\n\t\t\t\t<div class=\"elementor-element elementor-element-ae6a23c elementor-widget elementor-widget-text-editor\" data-id=\"ae6a23c\" data-element_type=\"widget\" data-e-type=\"widget\" data-widget_type=\"text-editor.default\">\n\t\t\t\t\t\t\t\t\t<p>Grand h\u00f4tel Masseria Santa lucia<\/p>\t\t\t\t\t\t\t\t<\/div>\n\t\t\t\t<\/div>\n\t\t<div class=\"elementor-element elementor-element-0d53ed9 e-con-full e-flex e-con e-parent\" data-id=\"0d53ed9\" data-element_type=\"container\" data-e-type=\"container\" data-settings=\"{&quot;background_background&quot;:&quot;classic&quot;}\">\n\t\t<div class=\"elementor-element elementor-element-bf2e3eb e-flex e-con-boxed e-con e-child\" data-id=\"bf2e3eb\" data-element_type=\"container\" data-e-type=\"container\">\n\t\t\t\t\t<div class=\"e-con-inner\">\n\t\t\t\t<div class=\"elementor-element elementor-element-979293b elementor-widget-mobile__width-initial elementor-widget elementor-widget-text-editor\" data-id=\"979293b\" data-element_type=\"widget\" data-e-type=\"widget\" data-widget_type=\"text-editor.default\">\n\t\t\t\t\t\t\t\t\t<p>Eric Beckermann<\/p><p>Andr\u00e9e Cazenelle<\/p>\t\t\t\t\t\t\t\t<\/div>\n\t\t\t\t<div class=\"elementor-element elementor-element-eec1630 elementor-widget elementor-widget-text-editor\" data-id=\"eec1630\" data-element_type=\"widget\" data-e-type=\"widget\" data-widget_type=\"text-editor.default\">\n\t\t\t\t\t\t\t\t\t<p>Michel &amp; Nathalie Farjon<\/p><p>Pierrette Biro<\/p>\t\t\t\t\t\t\t\t<\/div>\n\t\t\t\t\t<\/div>\n\t\t\t\t<\/div>\n\t\t<div class=\"elementor-element elementor-element-5a84ea9 e-con-full e-flex e-con e-child\" data-id=\"5a84ea9\" data-element_type=\"container\" data-e-type=\"container\">\n\t\t\t\t<div class=\"elementor-element elementor-element-c389a0e elementor-widget elementor-widget-text-editor\" data-id=\"c389a0e\" data-element_type=\"widget\" data-e-type=\"widget\" data-widget_type=\"text-editor.default\">\n\t\t\t\t\t\t\t\t\t<p>ont la joie de vous faire part du mariage de leurs petits-enfants et enfants<\/p>\t\t\t\t\t\t\t\t<\/div>\n\t\t\t\t<div class=\"elementor-element elementor-element-9658e16 elementor-widget elementor-widget-menu-anchor\" data-id=\"9658e16\" data-element_type=\"widget\" data-e-type=\"widget\" data-widget_type=\"menu-anchor.default\">\n\t\t\t\t\t\t\t<div class=\"elementor-menu-anchor\" id=\"houppa\"><\/div>\n\t\t\t\t\t\t<\/div>\n\t\t\t\t<div class=\"elementor-element elementor-element-8fe653c elementor-widget elementor-widget-heading\" data-id=\"8fe653c\" data-element_type=\"widget\" data-e-type=\"widget\" data-widget_type=\"heading.default\">\n\t\t\t\t\t<h2 class=\"elementor-heading-title elementor-size-default\">Esther &amp;  David<\/h2>\t\t\t\t<\/div>\n\t\t\t\t<div class=\"elementor-element elementor-element-a35955b elementor-widget elementor-widget-text-editor\" data-id=\"a35955b\" data-element_type=\"widget\" data-e-type=\"widget\" data-widget_type=\"text-editor.default\">\n\t\t\t\t\t\t\t\t\t<p>et seront honor\u00e9s de votre pr\u00e9sence \u00e0 la houppa qui sera c\u00e9l\u00e9br\u00e9e le\u00a0<\/p>\t\t\t\t\t\t\t\t<\/div>\n\t\t\t\t<div class=\"elementor-element elementor-element-776460b elementor-widget elementor-widget-heading\" data-id=\"776460b\" data-element_type=\"widget\" data-e-type=\"widget\" data-widget_type=\"heading.default\">\n\t\t\t\t\t<h2 class=\"elementor-heading-title elementor-size-default\">Mardi 16 juin 2026<\/h2>\t\t\t\t<\/div>\n\t\t\t\t<div class=\"elementor-element elementor-element-ecea747 elementor-widget elementor-widget-text-editor\" data-id=\"ecea747\" data-element_type=\"widget\" data-e-type=\"widget\" data-widget_type=\"text-editor.default\">\n\t\t\t\t\t\t\t\t\t<p>au Grand H\u00f4tel Masseria Santa Lucia<br \/><em><a tabindex=\"0\" href=\"https:\/\/www.google.com\/maps\/place\/\/data=!4m2!3m1!1s0x1346423944f3d21d:0xf95fc2bb0a49abb2?sa=X&amp;ved=1t:8290&amp;ictx=111\" data-url=\"\/maps\/place\/\/data=!4m2!3m1!1s0x1346423944f3d21d:0xf95fc2bb0a49abb2?sa=X&amp;ved=2ahUKEwid6tuMwI-RAxUHQ6QEHfNWHFYQ4kB6BAgGEAA\">Strada Statale 379 di Egnazia e delle Terme di Torre Canne<\/a><\/em><br \/><em><a tabindex=\"0\" href=\"https:\/\/www.google.com\/maps\/place\/\/data=!4m2!3m1!1s0x1346423944f3d21d:0xf95fc2bb0a49abb2?sa=X&amp;ved=1t:8290&amp;ictx=111\" data-url=\"\/maps\/place\/\/data=!4m2!3m1!1s0x1346423944f3d21d:0xf95fc2bb0a49abb2?sa=X&amp;ved=2ahUKEwid6tuMwI-RAxUHQ6QEHfNWHFYQ4kB6BAgGEAA\">72017 Ostuni Marina, Ostuni BR, Italie<\/a><\/em><\/p>\t\t\t\t\t\t\t\t<\/div>\n\t\t\t\t<div class=\"elementor-element elementor-element-e5c102f elementor-widget elementor-widget-heading\" data-id=\"e5c102f\" data-element_type=\"widget\" data-e-type=\"widget\" data-widget_type=\"heading.default\">\n\t\t\t\t\t<h2 class=\"elementor-heading-title elementor-size-default\">\u00e0 partir de 17h00 <\/h2>\t\t\t\t<\/div>\n\t\t\t\t<div class=\"elementor-element elementor-element-578deab elementor-widget elementor-widget-text-editor\" data-id=\"578deab\" data-element_type=\"widget\" data-e-type=\"widget\" data-widget_type=\"text-editor.default\">\n\t\t\t\t\t\t\t\t\t<p>La houppa sera suivie d&rsquo;une r\u00e9ception.<\/p>\t\t\t\t\t\t\t\t<\/div>\n\t\t\t\t<div class=\"elementor-element elementor-element-b19a212 elementor-widget elementor-widget-text-editor\" data-id=\"b19a212\" data-element_type=\"widget\" data-e-type=\"widget\" data-widget_type=\"text-editor.default\">\n\t\t\t\t\t\t\t\t\t<p>En ce jour si pr\u00e9cieux, nos pens\u00e9es sont tourn\u00e9es vers H\u00e9l\u00e9na, notre m\u00e8re et belle-m\u00e8re, qui accompagne chaque jour nos actions, et qui aurait accueilli avec \u00e9norm\u00e9ment de bonheur cette union.<\/p><p>Mais aussi nos grands-parents Armand Cazenelle, Annie et L\u00e9on Beckermann,Livia et Ernest Farjon ainsi que Roger Biro.<\/p>\t\t\t\t\t\t\t\t<\/div>\n\t\t\t\t<\/div>\n\t\t\t\t<\/div>\n\t\t<div class=\"elementor-element elementor-element-37a0bf7 e-flex e-con-boxed e-con e-parent\" data-id=\"37a0bf7\" data-element_type=\"container\" data-e-type=\"container\" data-settings=\"{&quot;background_background&quot;:&quot;classic&quot;}\">\n\t\t\t\t\t<div class=\"e-con-inner\">\n\t\t\t\t<div class=\"elementor-element elementor-element-9131bf8 elementor-widget elementor-widget-text-editor\" data-id=\"9131bf8\" data-element_type=\"widget\" data-e-type=\"widget\" data-widget_type=\"text-editor.default\">\n\t\t\t\t\t\t\t\t\t<p>En appuyant sur \u00ab\u00a0voir les infos pratiques\u00a0\u00bb ci-dessous, vous trouverez toutes les informations pour r\u00e9server vos vols et l&rsquo;h\u00f4tel du mariage.<\/p>\t\t\t\t\t\t\t\t<\/div>\n\t\t\t\t<div class=\"elementor-element elementor-element-4643d4a elementor-align-center elementor-widget elementor-widget-button\" data-id=\"4643d4a\" data-element_type=\"widget\" data-e-type=\"widget\" data-widget_type=\"button.default\">\n\t\t\t\t\t\t\t\t\t\t<a class=\"elementor-button elementor-button-link elementor-size-sm\" href=\"https:\/\/lespouilles-estherdavid.com\/?page_id=83\">\n\t\t\t\t\t\t<span class=\"elementor-button-content-wrapper\">\n\t\t\t\t\t\t\t\t\t<span class=\"elementor-button-text\">Voir les infos pratiques<\/span>\n\t\t\t\t\t<\/span>\n\t\t\t\t\t<\/a>\n\t\t\t\t\t\t\t\t<\/div>\n\t\t\t\t\t<\/div>\n\t\t\t\t<\/div>\n\t\t\t\t<\/div>\n\t\t","protected":false},"excerpt":{"rendered":"<p>Esther &amp; David Ch\u00e8re famille, chers amis, C\u2019est avec une immense joie que nous vous invitons \u00e0 c\u00e9l\u00e9brer notre mariage du 14 au 16 juin, au c\u0153ur des Pouilles, en Italie.Vous trouverez ci-dessous le programme d\u00e9taill\u00e9 ainsi que toutes les informations pratiques pour partager avec nous ces moments pr\u00e9cieux et inoubliables. Mairie Jeudi 4 juin [&hellip;]<\/p>\n","protected":false},"author":1,"featured_media":0,"parent":0,"menu_order":0,"comment_status":"closed","ping_status":"closed","template":"elementor_header_footer","meta":{"footnotes":""},"class_list":["post-2","page","type-page","status-publish","hentry"],"_links":{"self":[{"href":"https:\/\/lespouilles-estherdavid.com\/index.php?rest_route=\/wp\/v2\/pages\/2","targetHints":{"allow":["GET"]}}],"collection":[{"href":"https:\/\/lespouilles-estherdavid.com\/index.php?rest_route=\/wp\/v2\/pages"}],"about":[{"href":"https:\/\/lespouilles-estherdavid.com\/index.php?rest_route=\/wp\/v2\/types\/page"}],"author":[{"embeddable":true,"href":"https:\/\/lespouilles-estherdavid.com\/index.php?rest_route=\/wp\/v2\/users\/1"}],"replies":[{"embeddable":true,"href":"https:\/\/lespouilles-estherdavid.com\/index.php?rest_route=%2Fwp%2Fv2%2Fcomments&post=2"}],"version-history":[{"count":178,"href":"https:\/\/lespouilles-estherdavid.com\/index.php?rest_route=\/wp\/v2\/pages\/2\/revisions"}],"predecessor-version":[{"id":1167,"href":"https:\/\/lespouilles-estherdavid.com\/index.php?rest_route=\/wp\/v2\/pages\/2\/revisions\/1167"}],"wp:attachment":[{"href":"https:\/\/lespouilles-estherdavid.com\/index.php?rest_route=%2Fwp%2Fv2%2Fmedia&parent=2"}],"curies":[{"name":"wp","href":"https:\/\/api.w.org\/{rel}","templated":true}]}}